{"id":3317,"date":"2026-02-04T07:12:14","date_gmt":"2026-02-04T07:12:14","guid":{"rendered":"https:\/\/www.nexosostenible.com\/?page_id=3317"},"modified":"2026-02-04T07:20:47","modified_gmt":"2026-02-04T07:20:47","slug":"socio-hotel","status":"publish","type":"page","link":"https:\/\/www.nexosostenible.com\/index.php\/socio-hotel\/","title":{"rendered":"Socio hotel"},"content":{"rendered":"<div class=\"fusion-fullwidth fullwidth-box fusion-builder-row-1 fusion-flex-container nonhundred-percent-fullwidth non-hundred-percent-height-scrolling\" style=\"--awb-border-radius-top-left:0px;--awb-border-radius-top-right:0px;--awb-border-radius-bottom-right:0px;--awb-border-radius-bottom-left:0px;--awb-padding-top:20px;--awb-padding-bottom:60px;--awb-background-color:var(--awb-color1);--awb-flex-wrap:wrap;\" ><div class=\"fusion-builder-row fusion-row fusion-flex-align-items-flex-start fusion-flex-content-wrap\" style=\"max-width:1320.8px;margin-left: calc(-4% \/ 2 );margin-right: calc(-4% \/ 2 );\"><div class=\"fusion-layout-column fusion_builder_column fusion-builder-column-0 fusion_builder_column_1_4 1_4 fusion-flex-column fusion-no-small-visibility\" style=\"--awb-bg-size:cover;--awb-width-large:25%;--awb-margin-top-large:0px;--awb-spacing-right-large:11.52%;--awb-margin-bottom-large:10px;--awb-spacing-left-large:7.68%;--awb-width-medium:100%;--awb-spacing-right-medium:1.92%;--awb-spacing-left-medium:1.92%;--awb-width-small:100%;--awb-spacing-right-small:1.92%;--awb-spacing-left-small:1.92%;\"><div class=\"fusion-column-wrapper fusion-column-has-shadow fusion-flex-justify-content-flex-start fusion-content-layout-column\"><\/div><\/div><div class=\"fusion-layout-column fusion_builder_column fusion-builder-column-1 fusion_builder_column_1_2 1_2 fusion-flex-column\" style=\"--awb-bg-size:cover;--awb-width-large:50%;--awb-margin-top-large:25px;--awb-spacing-right-large:5.76%;--awb-margin-bottom-large:30px;--awb-spacing-left-large:5.76%;--awb-width-medium:100%;--awb-margin-top-medium:10px;--awb-spacing-right-medium:1.92%;--awb-margin-bottom-medium:10px;--awb-spacing-left-medium:1.92%;--awb-width-small:100%;--awb-spacing-right-small:1.92%;--awb-spacing-left-small:1.92%;\"><div class=\"fusion-column-wrapper fusion-column-has-shadow fusion-flex-justify-content-flex-start fusion-content-layout-column\"><div class=\"fusion-title title fusion-title-1 fusion-sep-none fusion-title-center fusion-title-text fusion-title-size-two\" style=\"--awb-text-color:var(--awb-color8);\"><h2 class=\"fusion-title-heading title-heading-center\" style=\"margin:0;\">Formulario de adhesi\u00f3n. Hoteles \/ grupos hoteleros<\/h2><\/div><\/div><\/div><div class=\"fusion-layout-column fusion_builder_column fusion-builder-column-2 fusion_builder_column_1_4 1_4 fusion-flex-column fusion-no-small-visibility\" style=\"--awb-bg-size:cover;--awb-width-large:25%;--awb-margin-top-large:0px;--awb-spacing-right-large:7.68%;--awb-margin-bottom-large:10px;--awb-spacing-left-large:11.52%;--awb-width-medium:100%;--awb-spacing-right-medium:1.92%;--awb-spacing-left-medium:1.92%;--awb-width-small:100%;--awb-spacing-right-small:1.92%;--awb-spacing-left-small:1.92%;\"><div class=\"fusion-column-wrapper fusion-column-has-shadow fusion-flex-justify-content-flex-start fusion-content-layout-column\"><\/div><\/div><div class=\"fusion-layout-column fusion_builder_column fusion-builder-column-3 fusion_builder_column_1_5 1_5 fusion-flex-column fusion-no-small-visibility\" style=\"--awb-bg-size:cover;--awb-width-large:20%;--awb-margin-top-large:0px;--awb-spacing-right-large:9.6%;--awb-margin-bottom-large:5px;--awb-spacing-left-large:9.6%;--awb-width-medium:16.666666666667%;--awb-spacing-right-medium:11.52%;--awb-spacing-left-medium:11.52%;--awb-width-small:100%;--awb-spacing-right-small:1.92%;--awb-spacing-left-small:1.92%;\"><div class=\"fusion-column-wrapper fusion-column-has-shadow fusion-flex-justify-content-flex-start fusion-content-layout-column\"><\/div><\/div><div class=\"fusion-layout-column fusion_builder_column fusion-builder-column-4 fusion_builder_column_3_5 3_5 fusion-flex-column\" style=\"--awb-bg-color:var(--awb-color1);--awb-bg-color-hover:var(--awb-color1);--awb-bg-size:cover;--awb-width-large:60%;--awb-margin-top-large:25px;--awb-spacing-right-large:0%;--awb-margin-bottom-large:25px;--awb-spacing-left-large:0%;--awb-width-medium:66.666666666667%;--awb-spacing-right-medium:0%;--awb-spacing-left-medium:0%;--awb-width-small:100%;--awb-spacing-right-small:1.92%;--awb-spacing-left-small:1.92%;\"><div class=\"fusion-column-wrapper fusion-column-has-shadow fusion-flex-justify-content-flex-start fusion-content-layout-column\"><div class=\"fusion-form fusion-form-builder fusion-form-form-wrapper fusion-form-3299\" style=\"--awb-tooltip-text-color:#ffffff;--awb-tooltip-background-color:#333333;--awb-form-border-color:#000000;--awb-form-focus-border-color:#5ab39c;--awb-form-focus-border-hover-color:rgba(90,179,156,0.5);\" data-form-id=\"3299\" data-config=\"{&quot;form_id&quot;:&quot;3299&quot;,&quot;form_post_id&quot;:&quot;3299&quot;,&quot;post_id&quot;:3317,&quot;form_type&quot;:&quot;ajax&quot;,&quot;confirmation_type&quot;:&quot;message&quot;,&quot;redirect_url&quot;:&quot;&quot;,&quot;field_labels&quot;:{&quot;nombre_del_hotel__grupo:&quot;:&quot;Nombre del hotel \\\/ grupo:&quot;,&quot;direccion:&quot;:&quot;Direcci\\u00f3n:&quot;,&quot;persona_de_contacto:&quot;:&quot;Persona de contacto:&quot;,&quot;cargo:&quot;:&quot;Cargo:&quot;,&quot;email:&quot;:&quot;Email:&quot;,&quot;telefono:&quot;:&quot;Tel\\u00e9fono:&quot;,&quot;numero_de_habitaciones:&quot;:&quot;N\\u00famero de habitaciones:&quot;,&quot;categoria:&quot;:&quot;Categor\\u00eda:&quot;,&quot;web__redes_sociales:&quot;:&quot;Web \\\/ Redes sociales:&quot;,&quot;intereses_principales:&quot;:&quot;Intereses principales:&quot;,&quot;compromisos:&quot;:&quot;Compromisos:&quot;,&quot;acepto&quot;:&quot;&quot;},&quot;field_logics&quot;:{&quot;nombre_del_hotel__grupo:&quot;:&quot;&quot;,&quot;direccion:&quot;:&quot;&quot;,&quot;persona_de_contacto:&quot;:&quot;&quot;,&quot;cargo:&quot;:&quot;&quot;,&quot;email:&quot;:&quot;&quot;,&quot;telefono:&quot;:&quot;&quot;,&quot;numero_de_habitaciones:&quot;:&quot;&quot;,&quot;categoria:&quot;:&quot;&quot;,&quot;web__redes_sociales:&quot;:&quot;&quot;,&quot;intereses_principales:&quot;:&quot;&quot;,&quot;compromisos:&quot;:&quot;[]&quot;,&quot;acepto&quot;:&quot;&quot;,&quot;notice_1&quot;:&quot;&quot;},&quot;field_types&quot;:{&quot;nombre_del_hotel__grupo:&quot;:&quot;text&quot;,&quot;direccion:&quot;:&quot;text&quot;,&quot;persona_de_contacto:&quot;:&quot;text&quot;,&quot;cargo:&quot;:&quot;text&quot;,&quot;email:&quot;:&quot;email&quot;,&quot;telefono:&quot;:&quot;phone_number&quot;,&quot;numero_de_habitaciones:&quot;:&quot;number&quot;,&quot;categoria:&quot;:&quot;text&quot;,&quot;web__redes_sociales:&quot;:&quot;text&quot;,&quot;intereses_principales:&quot;:&quot;checkbox&quot;,&quot;compromisos:&quot;:&quot;checkbox&quot;,&quot;acepto&quot;:&quot;checkbox&quot;,&quot;notice_1&quot;:&quot;notice&quot;,&quot;submit_1&quot;:&quot;submit&quot;},&quot;nonce_method&quot;:&quot;ajax&quot;}\"><form action=\"https:\/\/www.nexosostenible.com\/index.php\/socio-hotel\/\" method=\"post\" class=\"fusion-form fusion-form-3299\"><div class=\"fusion-fullwidth fullwidth-box fusion-builder-row-1-1 fusion-flex-container has-pattern-background has-mask-background nonhundred-percent-fullwidth non-hundred-percent-height-scrolling\" style=\"--awb-border-radius-top-left:0px;--awb-border-radius-top-right:0px;--awb-border-radius-bottom-right:0px;--awb-border-radius-bottom-left:0px;--awb-padding-top:0px;--awb-padding-bottom:0px;--awb-margin-top:0px;--awb-margin-bottom:0px;--awb-flex-wrap:wrap;\" ><div class=\"fusion-builder-row fusion-row fusion-flex-align-items-flex-start fusion-flex-content-wrap\" style=\"width:104% !important;max-width:104% !important;margin-left: calc(-4% \/ 2 );margin-right: calc(-4% \/ 2 );\"><div class=\"fusion-layout-column fusion_builder_column fusion-builder-column-5 fusion_builder_column_1_1 1_1 fusion-flex-column\" style=\"--awb-bg-size:cover;--awb-width-large:100%;--awb-margin-top-large:0px;--awb-spacing-right-large:1.92%;--awb-margin-bottom-large:0px;--awb-spacing-left-large:1.92%;--awb-width-medium:100%;--awb-order-medium:0;--awb-spacing-right-medium:1.92%;--awb-spacing-left-medium:1.92%;--awb-width-small:100%;--awb-order-small:0;--awb-spacing-right-small:1.92%;--awb-spacing-left-small:1.92%;\" data-scroll-devices=\"small-visibility,medium-visibility,large-visibility\"><div class=\"fusion-column-wrapper fusion-column-has-shadow fusion-flex-justify-content-flex-start fusion-content-layout-column\"><div class=\"fusion-form-field fusion-form-text-field fusion-form-label-above\" style=\"\" data-form-id=\"3299\"><div class=\"fusion-form-label-wrapper\"><label for=\"nombre_del_hotel__grupo:\">Nombre del hotel \/ grupo: <abbr class=\"fusion-form-element-required\" title=\"required\">*<\/abbr><\/label><\/div><input type=\"text\" name=\"nombre_del_hotel__grupo:\" id=\"nombre_del_hotel__grupo:\" value=\"\"  class=\"fusion-form-input\" required=\"true\" aria-required=\"true\" data-holds-private-data=\"false\" minlength=\"0\"\/><\/div><div class=\"fusion-form-field fusion-form-text-field fusion-form-label-above\" style=\"\" data-form-id=\"3299\"><div class=\"fusion-form-label-wrapper\"><label for=\"direccion:\">Direcci\u00f3n: <abbr class=\"fusion-form-element-required\" title=\"required\">*<\/abbr><\/label><\/div><input type=\"text\" name=\"direccion:\" id=\"direccion:\" value=\"\"  class=\"fusion-form-input\" required=\"true\" aria-required=\"true\" data-holds-private-data=\"false\" minlength=\"0\"\/><\/div><div class=\"fusion-form-field fusion-form-text-field fusion-form-label-above\" style=\"\" data-form-id=\"3299\"><div class=\"fusion-form-label-wrapper\"><label for=\"persona_de_contacto:\">Persona de contacto: <abbr class=\"fusion-form-element-required\" title=\"required\">*<\/abbr><\/label><\/div><input type=\"text\" name=\"persona_de_contacto:\" id=\"persona_de_contacto:\" value=\"\"  class=\"fusion-form-input\" required=\"true\" aria-required=\"true\" data-holds-private-data=\"false\" minlength=\"0\"\/><\/div><div class=\"fusion-form-field fusion-form-text-field fusion-form-label-above\" style=\"\" data-form-id=\"3299\"><div class=\"fusion-form-label-wrapper\"><label for=\"cargo:\">Cargo: <abbr class=\"fusion-form-element-required\" title=\"required\">*<\/abbr><\/label><\/div><input type=\"text\" name=\"cargo:\" id=\"cargo:\" value=\"\"  class=\"fusion-form-input\" required=\"true\" aria-required=\"true\" data-holds-private-data=\"false\" minlength=\"0\"\/><\/div><div class=\"fusion-form-field fusion-form-email-field fusion-form-label-above\" style=\"\" data-form-id=\"3299\"><div class=\"fusion-form-label-wrapper\"><label for=\"email:\">Email: <abbr class=\"fusion-form-element-required\" title=\"required\">*<\/abbr><\/label><\/div><input type=\"email\" name=\"email:\" id=\"email:\" value=\"\"  class=\"fusion-form-input\" required=\"true\" aria-required=\"true\" data-holds-private-data=\"false\"\/><\/div><div class=\"fusion-form-field fusion-form-phone-number-field fusion-form-label-above\" style=\"\" data-form-id=\"3299\"><div class=\"fusion-form-label-wrapper\"><label for=\"telefono:\">Tel\u00e9fono: <abbr class=\"fusion-form-element-required\" title=\"required\">*<\/abbr><\/label><\/div><div class=\"fusion-form-input-with-icon\"><i class=\"awb-form-icon fa-phone-square-alt fas\"><\/i><input type=\"tel\" name=\"telefono:\" id=\"telefono:\" value=\"\"  class=\"fusion-form-input\" required=\"true\" aria-required=\"true\" data-holds-private-data=\"false\"\/><\/div><\/div><div class=\"fusion-form-field fusion-form-number-field fusion-form-label-above\" style=\"\" data-form-id=\"3299\"><div class=\"fusion-form-label-wrapper\"><label for=\"numero_de_habitaciones:\">N\u00famero de habitaciones: <abbr class=\"fusion-form-element-required\" title=\"required\">*<\/abbr><\/label><\/div><input type=\"number\" name=\"numero_de_habitaciones:\" id=\"numero_de_habitaciones:\" value=\"\"  class=\"fusion-form-input\" required=\"true\" aria-required=\"true\" data-holds-private-data=\"false\" min=\"0\" max=\"1000\"\/><\/div><div class=\"fusion-form-field fusion-form-text-field fusion-form-label-above\" style=\"\" data-form-id=\"3299\"><div class=\"fusion-form-label-wrapper\"><label for=\"categoria:\">Categor\u00eda: <abbr class=\"fusion-form-element-required\" title=\"required\">*<\/abbr><\/label><\/div><input type=\"text\" name=\"categoria:\" id=\"categoria:\" value=\"\"  class=\"fusion-form-input\" required=\"true\" aria-required=\"true\" data-holds-private-data=\"false\" minlength=\"0\"\/><\/div><div class=\"fusion-form-field fusion-form-text-field fusion-form-label-above\" style=\"\" data-form-id=\"3299\"><div class=\"fusion-form-label-wrapper\"><label for=\"web__redes_sociales:\">Web \/ Redes sociales: <abbr class=\"fusion-form-element-required\" title=\"required\">*<\/abbr><\/label><\/div><input type=\"text\" name=\"web__redes_sociales:\" id=\"web__redes_sociales:\" value=\"\"  class=\"fusion-form-input\" required=\"true\" aria-required=\"true\" data-holds-private-data=\"false\" minlength=\"0\"\/><\/div><div class=\"fusion-form-field fusion-form-checkbox-field fusion-form-label-above\" style=\"\" data-form-id=\"3299\"><div class=\"fusion-form-label-wrapper\"><span class=\"label\">Intereses principales: <abbr class=\"fusion-form-element-required\" title=\"Please select at least 1 checkbox from this field.\">*<\/abbr><\/span><\/div><fieldset data-awb-fieldset-min-required=\"1\" data-awb-fieldset-max-required=\"0\" data-awb-fieldset-error=\"Please select at least 1 checkbox from this field.\"><div class=\"fusion-form-checkbox\"><input tabindex=\"\" id=\"checkbox-intereses_principales:-1-0\" type=\"checkbox\" value=\"Eficiencia energ\u00e9tica\" name=\"intereses_principales:[]\" class=\"fusion-form-input\" data-holds-private-data=\"false\"\/><label for=\"checkbox-intereses_principales:-1-0\">Eficiencia energ\u00e9tica<\/label><\/div><div class=\"fusion-form-checkbox\"><input tabindex=\"\" id=\"checkbox-intereses_principales:-1-1\" type=\"checkbox\" value=\"Gesti\u00f3n de residuos\" name=\"intereses_principales:[]\" class=\"fusion-form-input\" data-holds-private-data=\"false\"\/><label for=\"checkbox-intereses_principales:-1-1\">Gesti\u00f3n de residuos<\/label><\/div><div class=\"fusion-form-checkbox\"><input tabindex=\"\" id=\"checkbox-intereses_principales:-1-2\" type=\"checkbox\" value=\"Innovaci\u00f3n tecnol\u00f3gica\" name=\"intereses_principales:[]\" class=\"fusion-form-input\" data-holds-private-data=\"false\"\/><label for=\"checkbox-intereses_principales:-1-2\">Innovaci\u00f3n tecnol\u00f3gica<\/label><\/div><div class=\"fusion-form-checkbox\"><input tabindex=\"\" id=\"checkbox-intereses_principales:-1-3\" type=\"checkbox\" value=\"Dise\u00f1o sostenible\" name=\"intereses_principales:[]\" class=\"fusion-form-input\" data-holds-private-data=\"false\"\/><label for=\"checkbox-intereses_principales:-1-3\">Dise\u00f1o sostenible<\/label><\/div><div class=\"fusion-form-checkbox\"><input tabindex=\"\" id=\"checkbox-intereses_principales:-1-4\" type=\"checkbox\" value=\"Certificaciones y medici\u00f3n ESG\" name=\"intereses_principales:[]\" class=\"fusion-form-input\" data-holds-private-data=\"false\"\/><label for=\"checkbox-intereses_principales:-1-4\">Certificaciones y medici\u00f3n ESG<\/label><\/div><div class=\"fusion-form-checkbox\"><input tabindex=\"\" id=\"checkbox-intereses_principales:-1-5\" type=\"checkbox\" value=\"Otros\" name=\"intereses_principales:[]\" class=\"fusion-form-input\" data-holds-private-data=\"false\"\/><label for=\"checkbox-intereses_principales:-1-5\">Otros<\/label><\/div><\/fieldset><\/div><div class=\"fusion-form-field fusion-form-checkbox-field fusion-form-label-above\" style=\"\" data-form-id=\"3299\"><div class=\"fusion-form-label-wrapper\"><span class=\"label\">Compromisos: <abbr class=\"fusion-form-element-required\" title=\"required\">*<\/abbr><\/span><\/div><fieldset><div class=\"fusion-form-checkbox\"><input tabindex=\"\" id=\"checkbox-compromisos:-2-0\" type=\"checkbox\" value=\"Participar en al menos un encuentro anual.\" name=\"compromisos:[]\" class=\"fusion-form-input\" required=\"true\" aria-required=\"true\" checked  data-holds-private-data=\"false\"\/><label for=\"checkbox-compromisos:-2-0\">Participar en al menos un encuentro anual.<\/label><\/div><div class=\"fusion-form-checkbox\"><input tabindex=\"\" id=\"checkbox-compromisos:-2-1\" type=\"checkbox\" value=\"Compartir buenas pr\u00e1cticas y retos en materia de sostenibilidad.\" name=\"compromisos:[]\" class=\"fusion-form-input\" required=\"true\" aria-required=\"true\" checked  data-holds-private-data=\"false\"\/><label for=\"checkbox-compromisos:-2-1\">Compartir buenas pr\u00e1cticas y retos en materia de sostenibilidad.<\/label><\/div><div class=\"fusion-form-checkbox\"><input tabindex=\"\" id=\"checkbox-compromisos:-2-2\" type=\"checkbox\" value=\"Autorizar la inclusi\u00f3n del nombre del establecimiento en la red de miembros.\" name=\"compromisos:[]\" class=\"fusion-form-input\" required=\"true\" aria-required=\"true\" checked  data-holds-private-data=\"false\"\/><label for=\"checkbox-compromisos:-2-2\">Autorizar la inclusi\u00f3n del nombre del establecimiento en la red de miembros.<\/label><\/div><\/fieldset><\/div><div class=\"fusion-form-field fusion-form-checkbox-field fusion-form-label-above\" style=\"\" data-form-id=\"3299\"><fieldset><div class=\"fusion-form-checkbox\"><input tabindex=\"\" id=\"checkbox-acepto-3-0\" type=\"checkbox\" value=\"Confirmo mi adhesi\u00f3n al Club Nexo Sostenible y acepto las condiciones generales.\" name=\"acepto[]\" class=\"fusion-form-input\" required=\"true\" aria-required=\"true\" data-holds-private-data=\"false\"\/><label for=\"checkbox-acepto-3-0\">Confirmo mi adhesi\u00f3n al Club Nexo Sostenible y acepto las condiciones generales.<\/label><\/div><\/fieldset><\/div><div class=\"form-submission-notices data-notice_1\" id=\"fusion-notices-1\"><div class=\"fusion-alert alert success alert-success fusion-alert-center fusion-form-response fusion-form-response-success fusion-alert-capitalize awb-alert-native-link-color alert-dismissable awb-alert-close-boxed\" role=\"alert\"><div class=\"fusion-alert-content-wrapper\"><span class=\"alert-icon\"><i class=\"awb-icon-check-circle\" aria-hidden=\"true\"><\/i><\/span><span class=\"fusion-alert-content\">Gracias. Tu mensaje ha sido enviado.<\/span><\/div><button type=\"button\" class=\"close toggle-alert\" data-dismiss=\"alert\" aria-label=\"Close\">&times;<\/button><\/div><div class=\"fusion-alert alert error alert-danger fusion-alert-center fusion-form-response fusion-form-response-error fusion-alert-capitalize awb-alert-native-link-color alert-dismissable awb-alert-close-boxed\" role=\"alert\"><div class=\"fusion-alert-content-wrapper\"><span class=\"alert-icon\"><i class=\"awb-icon-exclamation-triangle\" aria-hidden=\"true\"><\/i><\/span><span class=\"fusion-alert-content\">There was an error trying to send your message. Please try again later.<\/span><\/div><button type=\"button\" class=\"close toggle-alert\" data-dismiss=\"alert\" aria-label=\"Close\">&times;<\/button><\/div><\/div><div class=\"fusion-form-field fusion-form-submit-field fusion-form-label-above\" style=\"\" data-form-id=\"3299\"><div style=\"text-align:center;\"><button type=\"submit\" class=\"fusion-button button-flat fusion-button-default-size button-default fusion-button-default button-1 fusion-button-default-span  form-form-submit button-default\" data-form-number=\"3299\" tabindex=\"\"><span class=\"fusion-button-text\">ENVIAR<\/span><\/button><\/div><\/div><\/div><\/div><\/div><\/div><input type=\"hidden\" name=\"fusion_privacy_store_ip_ua\" value=\"false\"><input type=\"hidden\" name=\"fusion_privacy_expiration_interval\" value=\"48\"><input type=\"hidden\" name=\"privacy_expiration_action\" value=\"anonymize\"><\/form><\/div><div class=\"fusion-text fusion-text-1\" style=\"--awb-margin-top:20px;\"><p>Adhesi\u00f3n gratuita y sin compromiso econ\u00f3mico.<br \/>\nLa participaci\u00f3n del hotel tiene car\u00e1cter voluntario y puede darse de baja en cualquier momento mediante comunicaci\u00f3n por correo electr\u00f3nico.<\/p>\n<\/div><\/div><\/div><div class=\"fusion-layout-column fusion_builder_column fusion-builder-column-6 fusion_builder_column_1_5 1_5 fusion-flex-column fusion-no-small-visibility\" style=\"--awb-bg-size:cover;--awb-width-large:20%;--awb-margin-top-large:0px;--awb-spacing-right-large:9.6%;--awb-margin-bottom-large:5px;--awb-spacing-left-large:9.6%;--awb-width-medium:16.666666666667%;--awb-spacing-right-medium:11.52%;--awb-spacing-left-medium:11.52%;--awb-width-small:100%;--awb-spacing-right-small:1.92%;--awb-spacing-left-small:1.92%;\"><div class=\"fusion-column-wrapper fusion-column-has-shadow fusion-flex-justify-content-flex-start fusion-content-layout-column\"><\/div><\/div><\/div><\/div>\n","protected":false},"excerpt":{"rendered":"","protected":false},"author":1,"featured_media":0,"parent":0,"menu_order":0,"comment_status":"closed","ping_status":"closed","template":"100-width.php","meta":{"footnotes":""},"class_list":["post-3317","page","type-page","status-publish","hentry"],"_links":{"self":[{"href":"https:\/\/www.nexosostenible.com\/index.php\/wp-json\/wp\/v2\/pages\/3317","targetHints":{"allow":["GET"]}}],"collection":[{"href":"https:\/\/www.nexosostenible.com\/index.php\/wp-json\/wp\/v2\/pages"}],"about":[{"href":"https:\/\/www.nexosostenible.com\/index.php\/wp-json\/wp\/v2\/types\/page"}],"author":[{"embeddable":true,"href":"https:\/\/www.nexosostenible.com\/index.php\/wp-json\/wp\/v2\/users\/1"}],"replies":[{"embeddable":true,"href":"https:\/\/www.nexosostenible.com\/index.php\/wp-json\/wp\/v2\/comments?post=3317"}],"version-history":[{"count":2,"href":"https:\/\/www.nexosostenible.com\/index.php\/wp-json\/wp\/v2\/pages\/3317\/revisions"}],"predecessor-version":[{"id":3321,"href":"https:\/\/www.nexosostenible.com\/index.php\/wp-json\/wp\/v2\/pages\/3317\/revisions\/3321"}],"wp:attachment":[{"href":"https:\/\/www.nexosostenible.com\/index.php\/wp-json\/wp\/v2\/media?parent=3317"}],"curies":[{"name":"wp","href":"https:\/\/api.w.org\/{rel}","templated":true}]}}